{"id":297,"date":"2021-11-14T16:26:57","date_gmt":"2021-11-14T15:26:57","guid":{"rendered":"https:\/\/pasteleledolls.com\/?page_id=297"},"modified":"2024-04-13T16:00:56","modified_gmt":"2024-04-13T14:00:56","slug":"o-mnie","status":"publish","type":"page","link":"https:\/\/pasteleledolls.com\/index.php\/pl\/o-mnie\/","title":{"rendered":"O mnie"},"content":{"rendered":"\n<p class=\"has-large-font-size\"><\/p>\n\n\n\n<figure class=\"wp-block-gallery columns-3 is-cropped\"><ul class=\"blocks-gallery-grid\"><li class=\"blocks-gallery-item\"><figure><img loading=\"lazy\" width=\"1024\" height=\"1024\" src=\"https:\/\/pasteleledolls.com\/wp-content\/uploads\/2023\/06\/7-3-1024x1024.jpg\" alt=\"\" data-id=\"959\" data-full-url=\"https:\/\/pasteleledolls.com\/wp-content\/uploads\/2023\/06\/7-3-scaled.jpg\" data-link=\"https:\/\/pasteleledolls.com\/index.php\/pl\/o-mnie\/7-3-2\/\" class=\"wp-image-959\" srcset=\"https:\/\/pasteleledolls.com\/wp-content\/uploads\/2023\/06\/7-3-1024x1024.jpg 1024w, https:\/\/pasteleledolls.com\/wp-content\/uploads\/2023\/06\/7-3-300x300.jpg 300w, https:\/\/pasteleledolls.com\/wp-content\/uploads\/2023\/06\/7-3-150x150.jpg 150w, https:\/\/pasteleledolls.com\/wp-content\/uploads\/2023\/06\/7-3-768x768.jpg 768w, https:\/\/pasteleledolls.com\/wp-content\/uploads\/2023\/06\/7-3-1536x1536.jpg 1536w, https:\/\/pasteleledolls.com\/wp-content\/uploads\/2023\/06\/7-3-2048x2048.jpg 2048w, https:\/\/pasteleledolls.com\/wp-content\/uploads\/2023\/06\/7-3-850x850.jpg 850w\" sizes=\"(max-width: 1024px) 100vw, 1024px\" \/><\/figure><\/li><li class=\"blocks-gallery-item\"><figure><img loading=\"lazy\" width=\"1024\" height=\"1024\" src=\"https:\/\/pasteleledolls.com\/wp-content\/uploads\/2023\/06\/1-4-1024x1024.jpg\" alt=\"\" data-id=\"958\" data-full-url=\"https:\/\/pasteleledolls.com\/wp-content\/uploads\/2023\/06\/1-4-scaled.jpg\" data-link=\"https:\/\/pasteleledolls.com\/index.php\/pl\/o-mnie\/1-4-2\/\" class=\"wp-image-958\" srcset=\"https:\/\/pasteleledolls.com\/wp-content\/uploads\/2023\/06\/1-4-1024x1024.jpg 1024w, https:\/\/pasteleledolls.com\/wp-content\/uploads\/2023\/06\/1-4-300x300.jpg 300w, https:\/\/pasteleledolls.com\/wp-content\/uploads\/2023\/06\/1-4-150x150.jpg 150w, https:\/\/pasteleledolls.com\/wp-content\/uploads\/2023\/06\/1-4-768x768.jpg 768w, https:\/\/pasteleledolls.com\/wp-content\/uploads\/2023\/06\/1-4-1536x1536.jpg 1536w, https:\/\/pasteleledolls.com\/wp-content\/uploads\/2023\/06\/1-4-2048x2048.jpg 2048w, https:\/\/pasteleledolls.com\/wp-content\/uploads\/2023\/06\/1-4-850x850.jpg 850w\" sizes=\"(max-width: 1024px) 100vw, 1024px\" \/><\/figure><\/li><li class=\"blocks-gallery-item\"><figure><img loading=\"lazy\" width=\"1024\" height=\"1024\" src=\"https:\/\/pasteleledolls.com\/wp-content\/uploads\/2023\/06\/1-5-1024x1024.jpg\" alt=\"\" data-id=\"960\" data-full-url=\"https:\/\/pasteleledolls.com\/wp-content\/uploads\/2023\/06\/1-5-scaled.jpg\" data-link=\"https:\/\/pasteleledolls.com\/index.php\/pl\/o-mnie\/1-5-2\/\" class=\"wp-image-960\" srcset=\"https:\/\/pasteleledolls.com\/wp-content\/uploads\/2023\/06\/1-5-1024x1024.jpg 1024w, https:\/\/pasteleledolls.com\/wp-content\/uploads\/2023\/06\/1-5-300x300.jpg 300w, https:\/\/pasteleledolls.com\/wp-content\/uploads\/2023\/06\/1-5-150x150.jpg 150w, https:\/\/pasteleledolls.com\/wp-content\/uploads\/2023\/06\/1-5-768x768.jpg 768w, https:\/\/pasteleledolls.com\/wp-content\/uploads\/2023\/06\/1-5-1536x1536.jpg 1536w, https:\/\/pasteleledolls.com\/wp-content\/uploads\/2023\/06\/1-5-2048x2048.jpg 2048w, https:\/\/pasteleledolls.com\/wp-content\/uploads\/2023\/06\/1-5-850x850.jpg 850w\" sizes=\"(max-width: 1024px) 100vw, 1024px\" \/><\/figure><\/li><\/ul><\/figure>\n\n\n\n<h2>Zapraszam do mojego magicznego \u015bwiata lalek.<\/h2>\n\n\n\n<p>Wspaniale jest wk\u0142ada\u0107 dusz\u0119 w kawa\u0142ek materia\u0142u. Zawsze lubi\u0142am szy\u0107, ale szycia lalek nie mo\u017cna por\u00f3wna\u0107 z niczym innym. Zaczynasz modelowa\u0107 g\u0142\u00f3wk\u0119 i powstaje wizja lalki. Malujesz j\u0105, doszywasz w\u0142osy i twoja wizja nabiera kszta\u0142t\u00f3w. Gdy stoi przed tob\u0105 ubrana, czujesz jakby\u015b rzeczywi\u015bcie odda\u0142a jej cz\u0105stk\u0119 siebie.<\/p>\n\n\n\n<p>Najbardziej pokocha\u0142am szycie lalek kolekcjonerskich. Maj\u0105 druciane wzmocnienia w r\u0119kach i nogach. Nie nadaj\u0105 si\u0119 do aktywnej zabawy dla ma\u0142ych dzieci. Mog\u0105 by\u0107 pi\u0119kn\u0105 dekoracj\u0105 pokoju lub przyjacielem starszego dziecka. Stworzenie takiej laki zajmuje mi w zale\u017cno\u015bci od akcesori\u00f3w od 50 nawet do 80 godzin.<\/p>\n\n\n\n<p>Je\u015bli podobaj\u0105 Wam si\u0119 moje lalki i chcieliby\u015bcie kupi\u0107 laleczk\u0119 zapraszam na www.pasteleledolls.etsy.com.<\/p>\n","protected":false},"excerpt":{"rendered":"<p>Zapraszam do mojego magicznego \u015bwiata lalek. Wspaniale jest wk\u0142ada\u0107 dusz\u0119 w kawa\u0142ek materia\u0142u. Zawsze lubi\u0142am szy\u0107, ale szycia lalek nie mo\u017cna por\u00f3wna\u0107 z niczym innym. Zaczynasz modelowa\u0107 g\u0142\u00f3wk\u0119 i powstaje wizja lalki. Malujesz j\u0105, doszywasz w\u0142osy i twoja wizja nabiera kszta\u0142t\u00f3w. Gdy stoi przed tob\u0105 ubrana, czujesz jakby\u015b rzeczywi\u015bcie odda\u0142a jej cz\u0105stk\u0119 siebie. Najbardziej pokocha\u0142am&#8230;<\/p>\n","protected":false},"author":1,"featured_media":0,"parent":0,"menu_order":0,"comment_status":"closed","ping_status":"closed","template":"","meta":{"_monsterinsights_skip_tracking":false,"_monsterinsights_sitenote_active":false,"_monsterinsights_sitenote_note":"","_monsterinsights_sitenote_category":0},"aioseo_notices":[],"_links":{"self":[{"href":"https:\/\/pasteleledolls.com\/index.php\/wp-json\/wp\/v2\/pages\/297"}],"collection":[{"href":"https:\/\/pasteleledolls.com\/index.php\/wp-json\/wp\/v2\/pages"}],"about":[{"href":"https:\/\/pasteleledolls.com\/index.php\/wp-json\/wp\/v2\/types\/page"}],"author":[{"embeddable":true,"href":"https:\/\/pasteleledolls.com\/index.php\/wp-json\/wp\/v2\/users\/1"}],"replies":[{"embeddable":true,"href":"https:\/\/pasteleledolls.com\/index.php\/wp-json\/wp\/v2\/comments?post=297"}],"version-history":[{"count":7,"href":"https:\/\/pasteleledolls.com\/index.php\/wp-json\/wp\/v2\/pages\/297\/revisions"}],"predecessor-version":[{"id":1086,"href":"https:\/\/pasteleledolls.com\/index.php\/wp-json\/wp\/v2\/pages\/297\/revisions\/1086"}],"wp:attachment":[{"href":"https:\/\/pasteleledolls.com\/index.php\/wp-json\/wp\/v2\/media?parent=297"}],"curies":[{"name":"wp","href":"https:\/\/api.w.org\/{rel}","templated":true}]}}